{"id":60,"date":"2019-03-07T17:16:03","date_gmt":"2019-03-07T15:16:03","guid":{"rendered":"https:\/\/noapteacompaniilor.ro\/?page_id=60"},"modified":"2026-03-06T19:59:54","modified_gmt":"2026-03-06T17:59:54","slug":"regulament","status":"publish","type":"page","link":"https:\/\/www.noapteacompaniilor.ro\/iasi\/regulament\/","title":{"rendered":"Regulament"},"content":{"rendered":"<div id='av_section_1'  class='avia-section av-av_section-f22f0f9dd672aac3df52cf5913f6ac08 main_color avia-section-default avia-no-border-styling  avia-builder-el-0  avia-builder-el-no-sibling  avia-bg-style-scroll container_wrap fullsize'  ><div class='container av-section-cont-open' ><main  role=\"main\" itemprop=\"mainContentOfPage\"  class='template-page content  av-content-full alpha units'><div class='post-entry post-entry-type-page post-entry-60'><div class='entry-content-wrapper clearfix'>\n\n<style type=\"text\/css\" data-created_by=\"avia_inline_auto\" id=\"style-css-av-k70atau4-57529bb68e4b1ad3b65058cb18b06b6f\">\n#top .av-special-heading.av-k70atau4-57529bb68e4b1ad3b65058cb18b06b6f{\npadding-bottom:50px;\n}\nbody .av-special-heading.av-k70atau4-57529bb68e4b1ad3b65058cb18b06b6f .av-special-heading-tag .heading-char{\nfont-size:25px;\n}\n.av-special-heading.av-k70atau4-57529bb68e4b1ad3b65058cb18b06b6f .av-subheading{\nfont-size:15px;\n}\n<\/style>\n<div  class='av-special-heading av-k70atau4-57529bb68e4b1ad3b65058cb18b06b6f av-special-heading-h2 blockquote modern-quote modern-centered  avia-builder-el-1  el_before_av_textblock  avia-builder-el-first  av-linked-heading'><h2 class='av-special-heading-tag '  itemprop=\"headline\"  >Regulament<\/h2><div class=\"special-heading-border\"><div class=\"special-heading-inner-border\"><\/div><\/div><\/div>\n<section  class='av_textblock_section av-k6m8e6ms-c9b728559e76456cc34d7111d1437bb5 '   itemscope=\"itemscope\" itemtype=\"https:\/\/schema.org\/CreativeWork\" ><div class='avia_textblock'  itemprop=\"text\" ><p><strong>CBRE Real Estate Consultancy SRL<\/strong> in calitate de organizator (\u201c<strong>Organizatorul<\/strong>\u201d) al evenimentului Noaptea Companiilor Bucure\u0219ti (\u201c<strong>Evenimentul<\/strong>\u201d), v\u0103 aducem la cuno\u0219tin\u021b\u0103 urm\u0103torul Regulament de organizare al Evenimentului:<\/p>\n<ul>\n<li>Evenimentul va \u00eencepe la ora 16:00 si se va desf\u0103\u0219ura p\u00e2n\u0103 la ora 24.00.<\/li>\n<li>Organizatorul nu garanteaz\u0103 angajarea la niciuna dintre companiile participante (\u201cCompaniile\u201d).<\/li>\n<li>Folosirea aparatelor foto, precum \u0219i a celor de \u00eenregistrare video sau audio \u00een interiorul sediilor Companiilor participante nu este acceptat\u0103.<\/li>\n<li>Protec\u021bia datelor dvs. cu caracter personal este important\u0103 pentru noi astfel c\u0103 v\u0103 informam, \u00een acord cu Regulamentul (UE) 2016\/679 al Parlamentului European si al Consiliului din 27 aprilie 2016 privind protec\u021bia persoanelor fizice \u00een ceea ce prive\u0219te prelucrarea datelor cu caracter personal \u0219i libera circula\u021bie a acestor date (denumit in continuare \u201e<strong>GDPR\u201d<\/strong>) cu privire la natura datelor personale, scopul si temeiul prelucr\u0103rii datelor personale pe care le colect\u0103m, utiliz\u0103m \u0219i prelucr\u0103m \u00een cadrul Evenimentului.<\/li>\n<\/ul>\n<table width=\"618\">\n<tbody>\n<tr>\n<td width=\"164\"><strong>Categorii de Date Personale<\/strong><\/td>\n<td width=\"220\"><strong>Persoanele Vizate<\/strong><\/td>\n<td width=\"132\"><strong>Scopul Prelucr\u0103rii Datelor Personale<\/strong><\/td>\n<td width=\"102\"><strong>Temeiul Legal al Prelucr\u0103rii Datelor Personale <\/strong><\/td>\n<\/tr>\n<tr>\n<td width=\"164\">Imagine si\/sau voce, surprinse in fotografiile \u0219i\/sau inregistr\u0103rile video\/interviurile realizate pe parcursul Evenimentului.<\/td>\n<td width=\"220\">Participan\u021bii la Eveniment<\/td>\n<td width=\"132\">Promovarea Evenimentului<\/td>\n<td width=\"102\">Art. 6 (1)(b)(f) din GDPR.<\/td>\n<\/tr>\n<tr>\n<td width=\"164\">Nume, num\u0103r telefon, e-mail<\/td>\n<td width=\"220\">Reprezentan\u021bii Companiilor interesate s\u0103 participe la Eveniment care vor completa Formularul de Contact <a href=\"https:\/\/www.noapteacompaniilor.ro\/bucuresti\/contact\/\">https:\/\/www.noapteacompaniilor.ro\/bucuresti\/contact\/<\/a><\/td>\n<td width=\"132\">Transmiterea unui r\u0103spuns la solicitarea primit\u0103.<\/td>\n<td width=\"102\">Art. 6 (1)(b)(f) din GDPR.<\/td>\n<\/tr>\n<\/tbody>\n<\/table>\n<p><strong>\u00a0<\/strong><\/p>\n<ul>\n<li>Participan\u021bii \u00een\u021beleg ca prelucrarea datelor personale in condi\u021biile si in scopul declarat prin acest Regulament este indispensabila derul\u0103rii Evenimentului. Participan\u021bii la acest Eveniment declara ca sunt de acord cu prevederile prezentului Regulament, pe care le-au citit si le-au \u00een\u021beles integral.<\/li>\n<li>Participan\u021bii sunt de acord ca Organizatorul sa posteze fotografiile \u0219i\/sau \u00eenregistr\u0103rile video care con\u021bin imaginile si\/sau vocea acestora, pe website-ul <a href=\"https:\/\/www.noapteacompaniilor.ro\/bucuresti\">https:\/\/www.noapteacompaniilor.ro\/bucuresti<\/a> c\u00e2t \u0219i pe conturile de socializare dedicate Evenimentului. (<em>Instagram, Facebook, Tik Tok, <\/em><em>LinkedIn, YouTube).<\/em><\/li>\n<li>Participan\u021bii au luat cuno\u0219tin\u021ba de faptul ca anumite date cu caracter personal vor fi colectate direct si exclusiv de c\u0103tre Companiile participante care folosesc propriile politici cu privire la prelucrarea datelor cu caracter personal astfel ca Participan\u021bii au obliga\u021bia de a se informa cu privire la acestea, Organizatorul neavand nicio responsabilitate in acest sens fata de Participan\u021bi.<\/li>\n<li>Organizatorul nu este r\u0103spunz\u0103tor pentru vreun prejudiciu de natura fizic\u0103, medical\u0103, materiala sau de alta natura suferit ca urmare a particip\u0103rii la acest eveniment.<\/li>\n<li>Participan\u021bii sunt ruga\u021bi sa aib\u0103 un comportament civilizat pe tot parcursul Evenimentului.<\/li>\n<li>Sunt complet interzise orice manifest\u0103ri violente sau lipsite de respect la adresa celorlal\u021bi participan\u021bi sau la adresa reprezentan\u021bilor, personalului Companiilor participante. Este interzis\u0103 participarea la Eveniment \u00een stare de ebrietate, sub influen\u021ba drogurilor sau substan\u021belor interzise de orice fel. Organizatorul, direct sau prin reprezentan\u021bii \u0219i\/sau personalul Companiilor participante, isi rezerva dreptul de a \u00eentrerupe continuarea particip\u0103rii unei persoane daca aceasta se afl\u0103 intr-una din situa\u021biile descrise anterior.<\/li>\n<li>Regulile formulate in prezentul Regulament se aplic\u0103 tuturor persoanelor care vor lua parte la Eveniment. Prin prezenta publicare, se consider\u0103 c\u0103 el a fost luat la cuno\u0219tin\u021b\u0103 \u0219i acceptat de c\u0103tre fiecare persoan\u0103 \u00een parte.<\/li>\n<\/ul>\n<p>V\u0103 mul\u021bumim pentru \u00een\u021belegere \u0219i cooperare!<\/p>\n<p>V\u0103 a\u0219tept\u0103m cu drag!<\/p>\n<\/div><\/section>\n\n","protected":false},"excerpt":{"rendered":"","protected":false},"author":4,"featured_media":0,"parent":0,"menu_order":0,"comment_status":"closed","ping_status":"closed","template":"","meta":{"inline_featured_image":false,"footnotes":""},"class_list":["post-60","page","type-page","status-publish","hentry"],"aioseo_notices":[],"_links":{"self":[{"href":"https:\/\/www.noapteacompaniilor.ro\/iasi\/wp-json\/wp\/v2\/pages\/60","targetHints":{"allow":["GET"]}}],"collection":[{"href":"https:\/\/www.noapteacompaniilor.ro\/iasi\/wp-json\/wp\/v2\/pages"}],"about":[{"href":"https:\/\/www.noapteacompaniilor.ro\/iasi\/wp-json\/wp\/v2\/types\/page"}],"author":[{"embeddable":true,"href":"https:\/\/www.noapteacompaniilor.ro\/iasi\/wp-json\/wp\/v2\/users\/4"}],"replies":[{"embeddable":true,"href":"https:\/\/www.noapteacompaniilor.ro\/iasi\/wp-json\/wp\/v2\/comments?post=60"}],"version-history":[{"count":35,"href":"https:\/\/www.noapteacompaniilor.ro\/iasi\/wp-json\/wp\/v2\/pages\/60\/revisions"}],"predecessor-version":[{"id":5948,"href":"https:\/\/www.noapteacompaniilor.ro\/iasi\/wp-json\/wp\/v2\/pages\/60\/revisions\/5948"}],"wp:attachment":[{"href":"https:\/\/www.noapteacompaniilor.ro\/iasi\/wp-json\/wp\/v2\/media?parent=60"}],"curies":[{"name":"wp","href":"https:\/\/api.w.org\/{rel}","templated":true}]}}